{"id":33,"date":"2023-07-10T16:46:59","date_gmt":"2023-07-10T16:46:59","guid":{"rendered":"https:\/\/www.yoodio.com\/site\/?page_id=33"},"modified":"2023-07-10T16:46:59","modified_gmt":"2023-07-10T16:46:59","slug":"conditions-dutilisation","status":"publish","type":"page","link":"https:\/\/www.yoodio.com\/site\/a-propos\/conditions-dutilisation\/","title":{"rendered":"Conditions d\u2019utilisation"},"content":{"rendered":"\n<h5 class=\"wp-block-heading\"><strong>CONDITIONS G\u00c9N\u00c9RALES D\u2019UTILISATION<br>DE: Yoodio<\/strong><\/h5>\n\n\n\n<p>Date de derni\u00e8re mise \u00e0 jour&nbsp;: 3 janvier 2022<\/p>\n\n\n\n<p><strong>PRI\u00c8RE DE LIRE LES CONDITIONS G\u00c9N\u00c9RALES AVANT D\u2019UTILISER LE SITE<\/strong><\/p>\n\n\n\n<p>Les conditions g\u00e9n\u00e9rales qui suivent gouvernent et s\u2019appliquent \u00e0 votre utilisation ou recours au site maintenu par Peroket M\u00e9dia inc. (le \u00ab&nbsp;site&nbsp;\u00bb).<\/p>\n\n\n\n<p><strong>1. PROPRI\u00c9T\u00c9 INTELLECTUELLE<\/strong><\/p>\n\n\n\n<p>Toute propri\u00e9t\u00e9 intellectuelle sur le site, \u00e0 l\u2019exception du contenu g\u00e9n\u00e9r\u00e9 par les utilisateurs tels que d\u00e9finis ci-dessous, est poss\u00e9d\u00e9e par nous ou nos conc\u00e9dants et inclut tout \u00e9l\u00e9ment prot\u00e9g\u00e9 par droits d\u2019auteur, marque de commerce ou brevet. Toutes les marques d\u00e9pos\u00e9es sont poss\u00e9d\u00e9es, enregistr\u00e9es et\/ou sous licence par nous. Tout le contenu sur le site, \u00e0 l\u2019exception du contenu g\u00e9n\u00e9r\u00e9 par les utilisateurs tel que d\u00e9fini ci-dessous, y compris, mais sans s\u2019y limiter, le texte, le logiciel, le code, la conception, les graphiques, les photos, les sons, la musique, les vid\u00e9os, les applications, les fonctionnalit\u00e9s interactives ainsi que tout autre contenu, est une ouvre collective sous le droit canadien ou sous tout autre droit des droits d\u2019auteur et est la propri\u00e9t\u00e9 de Peroket M\u00e9dia Inc.<\/p>\n\n\n\n<p>Tous droits r\u00e9serv\u00e9s.<\/p>\n\n\n\n<p><strong><br>2. UTILISATION DU CONTENU DE L\u2019ENTREPRISE<\/strong><\/p>\n\n\n\n<p>Nous pouvons vous fournir certaines informations en raison de votre utilisation du site, y compris, sans s\u2019y limiter, des documents, des donn\u00e9es ou des informations d\u00e9velopp\u00e9s par nous, ou tout autre \u00e9l\u00e9ment qui pourrait vous aider dans l\u2019utilisation du site ou des services (le \u00ab&nbsp;Contenu de l\u2019Entreprise&nbsp;\u00bb). Le Contenu de l\u2019Entreprise ne peut \u00eatre utilis\u00e9 pour aucun autre objet que l\u2019utilisation du site et des services offerts sur le site. Rien dans les pr\u00e9sentes ne peut \u00eatre interpr\u00e9t\u00e9 comme vous attribuant une licence ou des droits de propri\u00e9t\u00e9 intellectuelle.<\/p>\n\n\n\n<p><strong>3. CONTENU G\u00c9N\u00c9R\u00c9 PAR LES UTILISATEURS<\/strong><\/p>\n\n\n\n<p>Le \u00ab&nbsp;contenu g\u00e9n\u00e9r\u00e9 par les utilisateurs&nbsp;\u00bb inclut les communications, \u00e9l\u00e9ments, informations, donn\u00e9es, opinions, photos, profils, messages, notes, hyperliens, informations textuelles, conceptions, graphiques, sons ou tout autre contenu que vous et\/ou d\u2019autres utilisateurs du site publient ou rendent disponibles sur ou \u00e0 travers le site, \u00e0 l\u2019exception du contenu qui est notre propri\u00e9t\u00e9.<\/p>\n\n\n\n<p><strong>4. COMPTE D\u2019UTILISATEUR ET UTILISATION DU COMPTE<\/strong><\/p>\n\n\n\n<p>Si votre utilisation du site requiert un compte vous identifiant comme utilisateur du site (un \u00ab&nbsp;compte d\u2019utilisateur&nbsp;\u00bb)&nbsp;:<\/p>\n\n\n\n<p>a) vous \u00eates le seul responsable de votre compte d\u2019utilisateur, du maintien, de la confidentialit\u00e9 et de la s\u00e9curit\u00e9 de votre compte d\u2019utilisateur et de tous les mots de passe reli\u00e9s \u00e0 votre compte d\u2019utilisateur ainsi que de l\u2019activit\u00e9 de toute personne qui a acc\u00e8s \u00e0 votre compte avec ou sans votre permission&nbsp;;<\/p>\n\n\n\n<p>b) vous acceptez de nous signaler imm\u00e9diatement toute utilisation non autoris\u00e9e de votre compte d\u2019utilisateur, de services \u00e0 travers votre compte d\u2019utilisateur, d\u2019un mot de passe reli\u00e9 \u00e0 votre compte d\u2019utilisateur ou de toute autre atteinte \u00e0 la s\u00e9curit\u00e9 de votre compte d\u2019utilisateur ou de service fourni \u00e0 travers votre compte d\u2019utilisateur, et vous acceptez de nous venir en aide, tel que pourrons vous le demander, pour arr\u00eater ou rem\u00e9dier \u00e0 toute atteinte \u00e0 la s\u00e9curit\u00e9 reli\u00e9e \u00e0 votre compte&nbsp;; et<\/p>\n\n\n\n<p>c) vous acceptez de fournir des informations d\u2019utilisateur v\u00e9ridiques, exactes et actuelles, tel que nous pouvons le demander de temps \u00e0 autre, et vous acceptez de nous signaler tout changement \u00e0 vos informations d\u2019utilisateur tel que requis afin que les informations que nous d\u00e9tenons soient v\u00e9ridiques, exactes et actuelles.<\/p>\n\n\n\n<p><strong>5. PAIEMENT<\/strong><\/p>\n\n\n\n<p>Lorsque vous effectuez un achat sur le site, vous acceptez de fournir un instrument de paiement valide. Faites attention aux d\u00e9tails de la transaction puisque le prix total peut inclure taxes, frais et co\u00fbts d\u2019envoi pour lesquels vous \u00eates responsables.<\/p>\n\n\n\n<p>Lorsque vous nous fournissez un instrument de paiement, vous d\u00e9clarez avoir la permission d\u2019utiliser cet instrument de paiement. Lorsque vous effectuez un paiement, vous nous autorisez, ainsi que le service de paiement que nous utilisons, \u00e0 charger le montant total sur l\u2019instrument de paiement que vous avez d\u00e9sign\u00e9 pour la transaction. Vous nous autorisez \u00e9galement \u00e0 recueillir et enregistrer cet instrument de paiement ainsi que toute autre information reli\u00e9e \u00e0 la transaction.<\/p>\n\n\n\n<p>Si vous payez par carte de d\u00e9bit ou de cr\u00e9dit, nous pouvons obtenir de l\u2019\u00e9metteur de la carte une pr\u00e9autorisation d\u2019un montant allant jusqu\u2019au montant total de la transaction. Si vous choisissez d\u2019annuler une transaction avant qu\u2019elle soit compl\u00e9t\u00e9e, les fonds utilis\u00e9s pour la pr\u00e9autorisation peuvent ne pas \u00eatre disponibles imm\u00e9diatement sur votre compte.<\/p>\n\n\n\n<p>Nous nous r\u00e9servons le droit d\u2019annuler toute transaction si nous sommes d\u2019avis que la transaction enfreint les pr\u00e9sentes conditions g\u00e9n\u00e9rales d\u2019utilisation ou si nous sommes d\u2019avis qu\u2019en agissant ainsi nous pouvons pr\u00e9venir une perte financi\u00e8re.<\/p>\n\n\n\n<p>Afin de pr\u00e9venir toute perte financi\u00e8re, nous pouvons contacter l\u2019\u00e9metteur de votre instrument de paiement, les autorit\u00e9s polici\u00e8res ou toute tierce partie atteinte (incluant d\u2019autres utilisateurs) et pouvons partager les d\u00e9tails de tout paiement auquel vous \u00eates associ\u00e9(e) si nous sommes d\u2019avis qu\u2019une telle action puisse pr\u00e9venir une perte financi\u00e8re ou une infraction \u00e0 la loi.<\/p>\n\n\n\n<p>Le paiement pour tout service en cours sera factur\u00e9 automatiquement jusqu\u2019\u00e0 vous nous avisiez que vous souhaitez mettre fin aux services.<\/p>\n\n\n\n<p><strong>6. VENTE DE PRODUITS ET\/OU SERVICES<\/strong><\/p>\n\n\n\n<p>Nous pouvons vendre des biens ou services. Nous nous engageons \u00e0 \u00eatre aussi exacts que possible en ce qui a trait \u00e0 toute information au sujet des biens et des services, incluant les descriptions de produits et les images de produits. Cependant, nous ne garantissons pas l\u2019exactitude ou la fiabilit\u00e9 de toute information ayant trait \u00e0 un produit et vous reconnaissez et convenez que l\u2019achat de tels produits est \u00e0 vos propres risques.<\/p>\n\n\n\n<p><strong>7. MARKETING ET PUBLICIT\u00c9 AFFILI\u00c9S<\/strong><\/p>\n\n\n\n<p>Par l\u2019entremise du site et de ses services, nous pouvons pratiquer des activit\u00e9s de marketing affili\u00e9 pour lesquelles nous recevons une commission ou un pourcentage des ventes. Nous pouvons \u00e9galement accepter de la publicit\u00e9 ou des commandites d\u2019entreprises commerciales ou recevoir d\u2019autres formes de compensation publicitaire.<\/p>\n\n\n\n<p><strong>8. UTILISATION ACCEPTABLE DU SITE<\/strong><\/p>\n\n\n\n<p>Vous acceptez de ne pas utiliser le site pour des fins illicites ou toute autre fin interdite en vertu de la pr\u00e9sente clause. Vous acceptez de ne pas utiliser le site de quelconque fa\u00e7on qui pourrait nuire au site, aux services ou \u00e0 l\u2019activit\u00e9 commerciale de Peroket M\u00e9dia.<\/p>\n\n\n\n<p>Vous acceptez \u00e9galement de ne pas utiliser le site pour les fins suivantes&nbsp;:<\/p>\n\n\n\n<p>a) harceler, abuser ou menacer autrui ou autrement violer les droits d\u2019une personne&nbsp;;<\/p>\n\n\n\n<p>b) violer la propri\u00e9t\u00e9 intellectuelle de Peroket M\u00e9dia ou de toute autre tierce partie&nbsp;;<\/p>\n\n\n\n<p>c) t\u00e9l\u00e9charger ou transmettre des virus informatiques ou tout autre logiciel qui pourrait endommager la propri\u00e9t\u00e9 de Peroket M\u00e9dia ou d\u2019autrui&nbsp;;<\/p>\n\n\n\n<p>d) commettre une fraude&nbsp;;<\/p>\n\n\n\n<p>e) cr\u00e9er des activit\u00e9s de jeu, de la loterie ou un syst\u00e8me pyramidal illicite ou y participer&nbsp;;<\/p>\n\n\n\n<p>f) publier ou distribuer du mat\u00e9riel obsc\u00e8ne ou diffamatoire&nbsp;;<\/p>\n\n\n\n<p>g) publier ou distribuer tout mat\u00e9riel qui incite \u00e8 la violence, \u00e0 la haine, ou \u00e0 la discrimination de quelque groupe que ce soit&nbsp;; et\/ou<\/p>\n\n\n\n<p>h) recueillir illicitement des informations sur autrui.<\/p>\n\n\n\n<p><strong>9. PROTECTION DE LA VIE PRIV\u00c9E<\/strong><\/p>\n\n\n\n<p>En utilisant notre site, il est possible que vous nous fournissiez certaines informations. En utilisant le site, vous nous autorisez \u00e0 utiliser vos informations au Canada et dans tout pays dans lequel nous pourrions op\u00e9rer.<\/p>\n\n\n\n<p>Lorsque vous vous inscrivez pour un compte d\u2019utilisateur, vous nous fournissez une adresse courriel valide et vous pourriez \u00e9galement nous fournir certaines informations additionnelles, telles que votre nom et\/ou vos informations de facturation. Selon l\u2019utilisation que vous faites de notre site, nous pouvons \u00e9galement recevoir de l\u2019information d\u2019applications externes que vous utilisez pour acc\u00e9der \u00e0 notre site ou nous pouvons recevoir de l\u2019information sur vous par diverses technologies du web telles que les cookies, les historiques, les pixels invisibles (aussi appel\u00e9s \u00ab&nbsp;GIF invisibles&nbsp;\u00bb), les balises et autres.<\/p>\n\n\n\n<p>Nous utilisons l\u2019information recueillie aupr\u00e8s de vous pour nous assurer que vous assurez une bonne exp\u00e9rience sur le site. Nous pouvons aussi tracer une partie de l\u2019information passive re\u00e7ue pour am\u00e9liorer notre marketing et analytique et, pour ce faire, il se peut que nous travaillions avec des fournisseurs tiers.<\/p>\n\n\n\n<p>Si vous d\u00e9sirez bloquer notre acc\u00e8s \u00e0 toute information passive que nous recevons de l\u2019utilisation de diverses technologies, vous pouvez choisir d\u2019inactiver les cookies dans votre navigateur web. Sachez que nous recevrons tout de m\u00eame les informations vous concernant que vous nous fournirez, tel que votre adresse courriel.<\/p>\n\n\n\n<p><strong>10. ING\u00c9NIERIE INVERSE ET S\u00c9CURIT\u00c9<\/strong><\/p>\n\n\n\n<p>Vous ne pouvez entreprendre aucune des actions qui suivent&nbsp;:<\/p>\n\n\n\n<p>a) utiliser l\u2019ing\u00e9nierie inverse ou d\u00e9sassembler tout code ou logiciel sur ou de ce site&nbsp;;<\/p>\n\n\n\n<p>b) violer ou tenter de violer la s\u00e9curit\u00e9 du site par tout acc\u00e8s non autoris\u00e9, le contournement du cryptage ou de tout autre outil de s\u00e9curit\u00e9, l\u2019exploitation des donn\u00e9es ou l\u2019interf\u00e9rence avec tout h\u00f4te, utilisateur ou r\u00e9seau.<\/p>\n\n\n\n<p><strong>11. PERTES DE DONN\u00c9ES<\/strong><\/p>\n\n\n\n<p>Nous ne sommes pas responsables de la s\u00e9curit\u00e9 de votre compte d\u2019utilisateur ou du contenu de votre compte. L\u2019utilisation du site est \u00e0 vos risques.<\/p>\n\n\n\n<p><strong>12. INDEMNISATION<\/strong><\/p>\n\n\n\n<p>Vous convenez de d\u00e9fendre, d\u00e9dommager et de tenir indemne Peroket M\u00e9dia et ses entreprises affili\u00e9es contre toute r\u00e9clamation, poursuite ou demande, incluant les frais d\u2019avocats, qui pourrait d\u00e9couler de ou qui se rapporte \u00e0 votre utilisation ou votre abus du site, votre violation des pr\u00e9sentes ou votre conduite et vos actions. Si nous choisissons de le faire, nous choisirons notre avocat et participerons \u00e0 notre propre d\u00e9fense.<\/p>\n\n\n\n<p><strong>13. POLITIQUE CONCERNANT LES POURRIELS<\/strong><\/p>\n\n\n\n<p>Il vous est strictement interdit d\u2019utiliser le site ou tout service offert sur le site \u00e0 des fins d\u2019activit\u00e9s ill\u00e9gales reli\u00e9es aux pourriels, incluant la collecte d\u2019adresses et d\u2019informations personnelles d\u2019autrui ou l\u2019envoi de courriels commerciaux de masse.<\/p>\n\n\n\n<p><strong><br>14. LIENS ET CONTENU DE TIERS<\/strong><\/p>\n\n\n\n<p>Nous pouvons publier des liens menant \u00e0 des sites ou services de tiers. Nous ne sommes aucunement responsables de dommages ou pertes li\u00e9s \u00e0 l\u2019utilisation des services de tiers dont le lien se trouve sur notre site.<\/p>\n\n\n\n<p><strong><br>15. IND\u00c9PENDANCE DES CLAUSES<\/strong><\/p>\n\n\n\n<p>Si une des pr\u00e9sentes clauses est reconnue comme ill\u00e9gale, d\u00e9clar\u00e9e nulle ou inapplicable, en tout ou en partie, la portion inapplicable n\u2019affectera pas la validit\u00e9 et l\u2019applicabilit\u00e9 des autres clauses des pr\u00e9sentes conditions d\u2019utilisation.<\/p>\n\n\n\n<p><strong><br>16. INTERRUPTIONS DE SERVICE<\/strong><\/p>\n\n\n\n<p>Il se peut que nous ayons \u00e0 interrompre votre acc\u00e8s au site afin d\u2019effectuer des travaux de maintenant ou des travaux d\u2019urgence non planifi\u00e9s. Vous convenez que votre acc\u00e8s au site peut \u00eatre affect\u00e9 par une indisponibilit\u00e9 non planifi\u00e9e ou non anticip\u00e9e, pour quelque raison que ce soit, et que nous ne serons en aucun cas tenus responsables de dommages ou de pertes d\u00e9coulant de cette indisponibilit\u00e9.<\/p>\n\n\n\n<p><strong><br>17. R\u00c9SILIATION DU COMPTE D\u2019UTILISATEUR<\/strong><\/p>\n\n\n\n<p>Nous pouvons suspendre, limiter ou r\u00e9silier votre compte d\u2019utilisateur et votre utilisation du site \u00e8 notre seule discr\u00e9tion, \u00e0 tout moment, sans pr\u00e9avis et pour quelque raison que ce soit, incluant le fonctionnement ou l\u2019efficacit\u00e9 du site ou d\u2019\u00e9quipement ou de r\u00e9seau nous appartenant ou appartenant \u00e0 un tiers qui est perturb\u00e9 par votre utilisation ou votre abus du site ou si vous avez \u00e9t\u00e9 ou \u00eates actuellement en violation des termes des pr\u00e9sentes. Nous n\u2019aurons aucune responsabilit\u00e9 vis-\u00e0-vis des tiers, incluant un fournisseur tiers pour toute suspension, limite ou r\u00e9siliation de votre acc\u00e8s au site.<\/p>\n\n\n\n<p><strong><br>18. AUCUNE GARANTIE<\/strong><\/p>\n\n\n\n<p>Bien que nous ayons d\u00e9ploy\u00e9 des efforts raisonnables pour nous assurer que le contenu du pr\u00e9sent site est exact, nous ne pouvons garantir que ledit contenu soit exempt d\u2019erreurs, \u00e0 jour ou exhaustif. En aucun cas, nous ne pourrons \u00eatre tenus responsables de tout dommage pouvant d\u00e9couler d\u2019une erreur se trouvant sur le site.<\/p>\n\n\n\n<p>Nous n\u2019assumons aucune responsabilit\u00e9 quant \u00e0 tout dommage d\u00e9coulant de la mauvaise utilisation du contenu du site. Nous ne pouvons non plus garantir que le site soit disponible sans interruption, sans erreur ni omission, ni que les d\u00e9fauts soient corrig\u00e9s. Il n\u2019est pas non plus possible de garantir que le site et les serveurs qui le rendent disponible sont exempts de virus ou de composantes nuisibles. Le site et son contenu sont fournis \u00ab&nbsp;tels quels&nbsp;\u00bb et \u00ab&nbsp;selon la disponibilit\u00e9&nbsp;\u00bb sans d\u00e9claration, garantie ou condition de quelque nature que ce soit, expresse ou implicite.<\/p>\n\n\n\n<p>Si vous d\u00e9cidez de vous abonner \u00e0 des services ou \u00e0 des fonctions du site qui n\u00e9cessitent un abonnement, vous acceptez de fournir des renseignements exacts et \u00e0 jour \u00e0 votre sujet comme l\u2019exige le processus d\u2019inscription ou d\u2019abonnement pertinent, et de vous assurer de leur exactitude en effectuant les mises \u00e0 jour n\u00e9cessaires d\u00e8s que possible. Vous acceptez d\u2019assurer la confidentialit\u00e9 de tous les mots de passe ou autres identificateurs de compte que vous aurez choisis ou qui vous seront attribu\u00e9s au moment d\u2019une inscription ou d\u2019un abonnement sur Peroket M\u00e9dia ou ses partenaires et d\u2019assumer la responsabilit\u00e9 \u00e0 l\u2019\u00e9gard de toutes les activit\u00e9s reli\u00e9es \u00e0 l\u2019utilisation de ces mots de passe ou de ces comptes. De plus, vous acceptez de nous pr\u00e9venir de toute utilisation non autoris\u00e9e de votre mot de passe ou de votre compte de membre. Nous ne pouvons aucunement \u00eatre tenus responsables, directement ou indirectement, des pertes ou dommages de quelque nature que ce soit d\u00e9coulant du d\u00e9faut de vous conformer \u00e0 la pr\u00e9sente disposition ou li\u00e9s \u00e0 un tel d\u00e9faut.<\/p>\n\n\n\n<p>Vous reconnaissez que nous pouvons, \u00e0 notre seule et absolue discr\u00e9tion, et ce, sans pr\u00e9avis, suspendre, annuler ou mettre fin \u00e0 votre compte, \u00e0 votre utilisation ou \u00e0 votre acc\u00e8s au site ou \u00e0 un de ses services, et retirer et supprimer tout renseignement ou contenu se rapportant au site ou \u00e0 un des services offerts (et mettre fin \u00e0 l\u2019utilisation que vous en faites), pour quelque motif que ce soit, y compris si nous croyons que vous avez viol\u00e9 les pr\u00e9sentes conditions. En outre, vous reconnaissez que nous ne serons aucunement responsables envers vous ou envers quiconque \u00e0 la suite d\u2019une telle suspension, annulation ou fin. Si vous \u00eates insatisfait de Peroket M\u00e9dia ou d\u2019un de ses services, ou d\u2019une des pr\u00e9sentes conditions, des r\u00e8gles, des politiques, des lignes directrices ou de nos pratiques relativement \u00e0 l\u2019exploitation de Peroket M\u00e9dia Inc. ou d\u2019un de ses services, votre seul recours consiste \u00e0 cesser d\u2019utiliser le site ou le service en question.<\/p>\n\n\n\n<p><strong>19. CONFIDENTIALIT\u00c9<\/strong><\/p>\n\n\n\n<p>Les communications via Internet sont sujettes \u00e0 interception, perte ou alt\u00e9ration, par cons\u00e9quent, vous reconnaissez que les renseignements ou \u00e9l\u00e9ments que vous fournissez par voie \u00e9lectronique du fait que vous acc\u00e9dez \u00e0 ce site ou en faites usage ne sont ni confidentiels ni exclusifs, sauf dans la mesure requise par les lois applicables et que les communications par courrier \u00e9lectronique non prot\u00e9g\u00e9es sur Internet peuvent \u00eatre intercept\u00e9es, alt\u00e9r\u00e9es ou se perdre.<\/p>\n\n\n\n<p>Pour plus d\u2019information, veuillez consulter notre&nbsp;<em>Politique de confidentialit\u00e9<\/em>&nbsp;\u00e0 l\u2019adresse suivante&nbsp;:&nbsp;<a href=\"https:\/\/www.yoodio.com\/site\/politique-de-confidentialite\/\" target=\"_blank\" rel=\"noreferrer noopener\">https:\/\/www.yoodio.com\/site\/politique-de-confidentialite\/<\/a><\/p>\n\n\n\n<p><strong>20. LIMITATION DE LA RESPONSABILIT\u00c9<\/strong><\/p>\n\n\n\n<p>Nous ne sommes en aucun cas responsables des dommages que vous pourriez subir d\u00e9coulant de votre utilisation du site, dans la pleine mesure de la loi. La responsabilit\u00e9 maximale de Peroket M\u00e9dia d\u00e9coulant de votre utilisation du site est limit\u00e9e \u00e0 cent (100) dollars canadiens ou le montant pay\u00e9 \u00e0 Peroket M\u00e9dia dans les six derniers mois, en retenant le montant le plus \u00e9lev\u00e9. Ceci est valable pour toute r\u00e9clamation incluant, sans s\u2019y limiter, la perte de profits ou de revenus, les dommages indirects ou punitifs, la n\u00e9gligence, la responsabilit\u00e9 civile ou la fraude de toute sorte.<\/p>\n\n\n\n<p><strong>21. QUESTIONS ET INFORMATIONS ADDITIONNELLES<\/strong><\/p>\n\n\n\n<p>Pour toute question ou pour obtenir de plus amples renseignements, nous vous prions de communiquer avec nous \u00e0 l\u2019adresse suivante: info@yoodio.com<\/p>\n","protected":false},"excerpt":{"rendered":"<p>CONDITIONS G\u00c9N\u00c9RALES D\u2019UTILISATIONDE: Yoodio Date de derni\u00e8re mise \u00e0 jour&nbsp;: 3 janvier 2022 PRI\u00c8RE DE LIRE LES CONDITIONS G\u00c9N\u00c9RALES AVANT [&hellip;]<\/p>\n","protected":false},"author":1,"featured_media":0,"parent":22,"menu_order":0,"comment_status":"closed","ping_status":"closed","template":"","meta":{"site-sidebar-layout":"default","site-content-layout":"","ast-site-content-layout":"default","site-content-style":"default","site-sidebar-style":"default","ast-global-header-display":"","ast-banner-title-visibility":"","ast-main-header-display":"","ast-hfb-above-header-display":"","ast-hfb-below-header-display":"","ast-hfb-mobile-header-display":"","site-post-title":"","ast-breadcrumbs-content":"","ast-featured-img":"","footer-sml-layout":"","ast-disable-related-posts":"","theme-transparent-header-meta":"","adv-header-id-meta":"","stick-header-meta":"","header-above-stick-meta":"","header-main-stick-meta":"","header-below-stick-meta":"","astra-migrate-meta-layouts":"default","ast-page-background-enabled":"default","ast-page-background-meta":{"desktop":{"background-color":"var(--ast-global-color-5)","background-image":"","background-repeat":"repeat","background-position":"center center","background-size":"auto","background-attachment":"scroll","background-type":"","background-media":"","overlay-type":"","overlay-color":"","overlay-opacity":"","overlay-gradient":""},"tablet":{"background-color":"","background-image":"","background-repeat":"repeat","background-position":"center center","background-size":"auto","background-attachment":"scroll","background-type":"","background-media":"","overlay-type":"","overlay-color":"","overlay-opacity":"","overlay-gradient":""},"mobile":{"background-color":"","background-image":"","background-repeat":"repeat","background-position":"center center","background-size":"auto","background-attachment":"scroll","background-type":"","background-media":"","overlay-type":"","overlay-color":"","overlay-opacity":"","overlay-gradient":""}},"ast-content-background-meta":{"desktop":{"background-color":"var(--ast-global-color-4)","background-image":"","background-repeat":"repeat","background-position":"center center","background-size":"auto","background-attachment":"scroll","background-type":"","background-media":"","overlay-type":"","overlay-color":"","overlay-opacity":"","overlay-gradient":""},"tablet":{"background-color":"var(--ast-global-color-4)","background-image":"","background-repeat":"repeat","background-position":"center center","background-size":"auto","background-attachment":"scroll","background-type":"","background-media":"","overlay-type":"","overlay-color":"","overlay-opacity":"","overlay-gradient":""},"mobile":{"background-color":"var(--ast-global-color-4)","background-image":"","background-repeat":"repeat","background-position":"center center","background-size":"auto","background-attachment":"scroll","background-type":"","background-media":"","overlay-type":"","overlay-color":"","overlay-opacity":"","overlay-gradient":""}},"footnotes":""},"class_list":["post-33","page","type-page","status-publish","hentry"],"jetpack_sharing_enabled":true,"_links":{"self":[{"href":"https:\/\/www.yoodio.com\/site\/wp-json\/wp\/v2\/pages\/33","targetHints":{"allow":["GET"]}}],"collection":[{"href":"https:\/\/www.yoodio.com\/site\/wp-json\/wp\/v2\/pages"}],"about":[{"href":"https:\/\/www.yoodio.com\/site\/wp-json\/wp\/v2\/types\/page"}],"author":[{"embeddable":true,"href":"https:\/\/www.yoodio.com\/site\/wp-json\/wp\/v2\/users\/1"}],"replies":[{"embeddable":true,"href":"https:\/\/www.yoodio.com\/site\/wp-json\/wp\/v2\/comments?post=33"}],"version-history":[{"count":1,"href":"https:\/\/www.yoodio.com\/site\/wp-json\/wp\/v2\/pages\/33\/revisions"}],"predecessor-version":[{"id":34,"href":"https:\/\/www.yoodio.com\/site\/wp-json\/wp\/v2\/pages\/33\/revisions\/34"}],"up":[{"embeddable":true,"href":"https:\/\/www.yoodio.com\/site\/wp-json\/wp\/v2\/pages\/22"}],"wp:attachment":[{"href":"https:\/\/www.yoodio.com\/site\/wp-json\/wp\/v2\/media?parent=33"}],"curies":[{"name":"wp","href":"https:\/\/api.w.org\/{rel}","templated":true}]}}