{"id":22,"date":"2023-07-10T16:40:48","date_gmt":"2023-07-10T16:40:48","guid":{"rendered":"https:\/\/www.yoodio.com\/site\/?page_id=22"},"modified":"2025-04-19T01:37:06","modified_gmt":"2025-04-19T05:37:06","slug":"a-propos","status":"publish","type":"page","link":"https:\/\/www.yoodio.com\/site\/a-propos\/","title":{"rendered":"\u00c0 propos de nous"},"content":{"rendered":"\n<figure class=\"wp-block-image\"><img decoding=\"async\" src=\"https:\/\/www.yoodio.com\/site\/wp-content\/uploads\/2022\/01\/broadcasting-on-air-at-the-radio-station-2021-09-01-03-32-00-utc-scaled.jpg\" alt=\"\" class=\"wp-image-579\"\/><\/figure>\n\n\n\n<div class=\"wp-block-group is-nowrap is-layout-flex wp-container-core-group-is-layout-6c531013 wp-block-group-is-layout-flex\">\n<p class=\"has-text-align-center is-style-plain\"><strong>Yoodio est une plateforme qu\u00e9b\u00e9coise qui regroupe, organise et met en valeur les balados d\u2019ici. Que vous soyez passionn\u00e9 d\u2019actualit\u00e9, de sports, amateur d\u2019humour ou friand de d\u00e9couvertes culturelles, Yoodio vous aide \u00e0 trouver rapidement les balados qu\u00e9b\u00e9cois qui vous ressemblent.<\/strong><\/p>\n<\/div>\n\n\n\n<div class=\"wp-block-columns alignwide has-ast-global-color-7-background-color has-background is-layout-flex wp-container-core-columns-is-layout-28f84493 wp-block-columns-is-layout-flex\">\n<div class=\"wp-block-column is-layout-flow wp-block-column-is-layout-flow\" style=\"flex-basis:30%\">\n<figure class=\"wp-block-image aligncenter size-medium is-style-default\" style=\"margin-top:0;margin-bottom:0\"><img loading=\"lazy\" decoding=\"async\" width=\"200\" height=\"300\" src=\"https:\/\/www.yoodio.com\/site\/wp-content\/uploads\/2025\/04\/pourquoi_yoodio-200x300.png\" alt=\"\" class=\"wp-image-594\" srcset=\"https:\/\/www.yoodio.com\/site\/wp-content\/uploads\/2025\/04\/pourquoi_yoodio-200x300.png 200w, https:\/\/www.yoodio.com\/site\/wp-content\/uploads\/2025\/04\/pourquoi_yoodio.png 1024w\" sizes=\"auto, (max-width: 200px) 100vw, 200px\" \/><\/figure>\n<\/div>\n\n\n\n<div class=\"wp-block-column is-vertically-aligned-center is-layout-constrained wp-container-core-column-is-layout-5ae77694 wp-block-column-is-layout-constrained\" style=\"padding-top:0em;padding-right:1em;padding-bottom:0em;padding-left:1em\">\n<div class=\"wp-block-columns is-layout-flex wp-container-core-columns-is-layout-28f84493 wp-block-columns-is-layout-flex\">\n<div class=\"wp-block-column is-layout-constrained wp-block-column-is-layout-constrained\">\n<h2 class=\"wp-block-heading\">Pourquoi Yoodio?<\/h2>\n\n\n\n<p><strong>Classements et s\u00e9lections<\/strong> : D\u00e9couvrez les tendances d\u2019ici, mises \u00e0 jour chaque jour.<\/p>\n\n\n\n<p><strong>Fait pour le Qu\u00e9bec<\/strong> : Tous les balados pr\u00e9sents sur la plateforme sont produits ou anim\u00e9s au Qu\u00e9bec ou au Canada fran\u00e7ais.<\/p>\n\n\n\n<p><strong>D\u00e9couverte intelligente<\/strong> : Yoodio vous propose du contenu qui \u00e9volue selon vos pr\u00e9f\u00e9rences.<\/p>\n<\/div>\n<\/div>\n<\/div>\n<\/div>\n\n\n\n<div class=\"wp-block-columns alignwide is-layout-flex wp-container-core-columns-is-layout-28f84493 wp-block-columns-is-layout-flex\">\n<div class=\"wp-block-column is-layout-flow wp-block-column-is-layout-flow\" style=\"flex-basis:30%\">\n<figure class=\"wp-block-image aligncenter size-medium\"><img loading=\"lazy\" decoding=\"async\" width=\"200\" height=\"300\" src=\"https:\/\/www.yoodio.com\/site\/wp-content\/uploads\/2025\/04\/offre_aux_createurs-200x300.png\" alt=\"\" class=\"wp-image-593\" srcset=\"https:\/\/www.yoodio.com\/site\/wp-content\/uploads\/2025\/04\/offre_aux_createurs-200x300.png 200w, https:\/\/www.yoodio.com\/site\/wp-content\/uploads\/2025\/04\/offre_aux_createurs.png 1024w\" sizes=\"auto, (max-width: 200px) 100vw, 200px\" \/><\/figure>\n<\/div>\n\n\n\n<div class=\"wp-block-column is-vertically-aligned-center is-layout-constrained wp-container-core-column-is-layout-5ae77694 wp-block-column-is-layout-constrained\" style=\"padding-top:0em;padding-right:1em;padding-bottom:0em;padding-left:1em\">\n<div class=\"wp-block-columns is-layout-flex wp-container-core-columns-is-layout-28f84493 wp-block-columns-is-layout-flex\">\n<div class=\"wp-block-column is-layout-constrained wp-block-column-is-layout-constrained\">\n<h2 class=\"wp-block-heading\">Ce que Yoodio offre aux cr\u00e9ateurs<\/h2>\n\n\n\n<ul class=\"wp-block-list\">\n<li><strong>Indexation automatique via RSS<\/strong><\/li>\n\n\n\n<li><strong>Page d\u00e9di\u00e9e \u00e0 chaque balado<\/strong> avec options d\u2019abonnement et de partage<\/li>\n\n\n\n<li><strong>Outils de promotion<\/strong> : int\u00e9gration facile dans vos r\u00e9seaux sociaux (\u00e0 venir)<\/li>\n\n\n\n<li><strong>Statistiques et mises en avant<\/strong> pour les balados qui performent bien  (\u00e0 venir)<\/li>\n\n\n\n<li><strong>Classements th\u00e9matiques<\/strong> pour une meilleure visibilit\u00e9<\/li>\n<\/ul>\n\n\n\n<blockquote class=\"wp-block-quote is-layout-flow wp-block-quote-is-layout-flow\">\n<p>\ud83c\udf99\ufe0f <em>Vous \u00eates podcasteur qu\u00e9b\u00e9cois? Ajoutez votre balado gratuitement.<\/em><\/p>\n<\/blockquote>\n<\/div>\n<\/div>\n<\/div>\n<\/div>\n\n\n\n<div class=\"wp-block-columns alignwide has-ast-global-color-7-background-color has-background is-layout-flex wp-container-core-columns-is-layout-28f84493 wp-block-columns-is-layout-flex\">\n<div class=\"wp-block-column is-layout-flow wp-block-column-is-layout-flow\" style=\"flex-basis:30%\">\n<figure class=\"wp-block-image aligncenter size-medium\"><img loading=\"lazy\" decoding=\"async\" width=\"200\" height=\"300\" src=\"https:\/\/www.yoodio.com\/site\/wp-content\/uploads\/2025\/04\/yoodio_engagee-200x300.png\" alt=\"\" class=\"wp-image-599\" srcset=\"https:\/\/www.yoodio.com\/site\/wp-content\/uploads\/2025\/04\/yoodio_engagee-200x300.png 200w, https:\/\/www.yoodio.com\/site\/wp-content\/uploads\/2025\/04\/yoodio_engagee.png 1024w\" sizes=\"auto, (max-width: 200px) 100vw, 200px\" \/><\/figure>\n<\/div>\n\n\n\n<div class=\"wp-block-column is-vertically-aligned-center is-layout-flow wp-block-column-is-layout-flow\" style=\"padding-top:0em;padding-right:1em;padding-bottom:0em;padding-left:1em\">\n<div class=\"wp-block-columns is-layout-flex wp-container-core-columns-is-layout-ec2e7a44 wp-block-columns-is-layout-flex\" style=\"padding-top:0;padding-bottom:0\">\n<div class=\"wp-block-column is-layout-constrained wp-block-column-is-layout-constrained\" style=\"padding-top:0;padding-bottom:0\">\n<h2 class=\"wp-block-heading\">Une plateforme engag\u00e9e<\/h2>\n\n\n\n<p>Yoodio suit les bonnes pratiques recommand\u00e9es par Apple Podcasts, Spotify et les grands r\u00e9seaux :<\/p>\n\n\n\n<ul class=\"wp-block-list\">\n<li><strong>Cat\u00e9gorisation claire<\/strong><\/li>\n\n\n\n<li><strong>Descriptions optimis\u00e9es SEO<\/strong><\/li>\n\n\n\n<li><strong>Visuels adapt\u00e9s<\/strong><\/li>\n\n\n\n<li><strong>M\u00e9tadonn\u00e9es compl\u00e8tes<\/strong><\/li>\n<\/ul>\n\n\n\n<p>Ces normes assurent une meilleure d\u00e9couvrabilit\u00e9.<\/p>\n<\/div>\n<\/div>\n<\/div>\n<\/div>\n\n\n\n<div class=\"wp-block-group is-layout-flow wp-block-group-is-layout-flow\" style=\"padding-top:var(--wp--preset--spacing--60);padding-right:0;padding-bottom:var(--wp--preset--spacing--60);padding-left:0\">\n<h2 class=\"wp-block-heading\">Actualit\u00e9s de l&rsquo;entreprise<\/h2>\n\n\n\n<div class=\"wp-block-query is-layout-flow wp-block-query-is-layout-flow\"><ul class=\"wp-block-post-template is-layout-flow wp-block-post-template-is-layout-flow\"><li class=\"wp-block-post post-448 post type-post status-publish format-standard has-post-thumbnail hentry category-communiques-de-presse tag-agregateur tag-audio tag-balado tag-podcast tag-quebec\">\n\n<div class=\"wp-block-columns are-vertically-aligned-center is-layout-flex wp-container-core-columns-is-layout-28f84493 wp-block-columns-is-layout-flex\">\n<div class=\"wp-block-column is-vertically-aligned-center is-layout-flow wp-block-column-is-layout-flow\" style=\"flex-basis:25%\"><figure class=\"wp-block-post-featured-image\"><a href=\"https:\/\/www.yoodio.com\/site\/yoodio-lendroit-ou-tous-les-balados-du-quebec-se-rencontrent\/\" target=\"_self\"  ><img loading=\"lazy\" decoding=\"async\" width=\"1024\" height=\"614\" src=\"https:\/\/www.yoodio.com\/site\/wp-content\/uploads\/2025\/04\/yoodio_web_splash.png\" class=\"attachment-post-thumbnail size-post-thumbnail wp-post-image\" alt=\"Yoodio : L&rsquo;endroit o\u00f9 tous les balados du Qu\u00e9bec se rencontrent\" style=\"object-fit:cover;\" srcset=\"https:\/\/www.yoodio.com\/site\/wp-content\/uploads\/2025\/04\/yoodio_web_splash.png 1024w, https:\/\/www.yoodio.com\/site\/wp-content\/uploads\/2025\/04\/yoodio_web_splash-300x180.png 300w, https:\/\/www.yoodio.com\/site\/wp-content\/uploads\/2025\/04\/yoodio_web_splash-768x461.png 768w\" sizes=\"auto, (max-width: 1024px) 100vw, 1024px\" \/><\/a><\/figure><\/div>\n\n\n\n<div class=\"wp-block-column is-vertically-aligned-center is-layout-flow wp-block-column-is-layout-flow\" style=\"flex-basis:75%\"><h3 class=\"wp-block-post-title\"><a href=\"https:\/\/www.yoodio.com\/site\/yoodio-lendroit-ou-tous-les-balados-du-quebec-se-rencontrent\/\" target=\"_self\" >Yoodio : L&rsquo;endroit o\u00f9 tous les balados du Qu\u00e9bec se rencontrent<\/a><\/h3>\n\n<div class=\"wp-block-post-date\"><time datetime=\"2025-04-18T10:00:41-04:00\">18 avril 2025<\/time><\/div><\/div>\n<\/div>\n\n<\/li><\/ul><\/div>\n<\/div>\n","protected":false},"excerpt":{"rendered":"<p>Yoodio est une plateforme qu\u00e9b\u00e9coise qui regroupe, organise et met en valeur les balados d\u2019ici. Que vous soyez passionn\u00e9 d\u2019actualit\u00e9, [&hellip;]<\/p>\n","protected":false},"author":1,"featured_media":0,"parent":0,"menu_order":0,"comment_status":"closed","ping_status":"closed","template":"","meta":{"site-sidebar-layout":"default","site-content-layout":"","ast-site-content-layout":"default","site-content-style":"default","site-sidebar-style":"default","ast-global-header-display":"","ast-banner-title-visibility":"","ast-main-header-display":"","ast-hfb-above-header-display":"","ast-hfb-below-header-display":"","ast-hfb-mobile-header-display":"","site-post-title":"","ast-breadcrumbs-content":"","ast-featured-img":"","footer-sml-layout":"","ast-disable-related-posts":"","theme-transparent-header-meta":"","adv-header-id-meta":"","stick-header-meta":"","header-above-stick-meta":"","header-main-stick-meta":"","header-below-stick-meta":"","astra-migrate-meta-layouts":"default","ast-page-background-enabled":"default","ast-page-background-meta":{"desktop":{"background-color":"var(--ast-global-color-5)","background-image":"","background-repeat":"repeat","background-position":"center center","background-size":"auto","background-attachment":"scroll","background-type":"","background-media":"","overlay-type":"","overlay-color":"","overlay-opacity":"","overlay-gradient":""},"tablet":{"background-color":"","background-image":"","background-repeat":"repeat","background-position":"center center","background-size":"auto","background-attachment":"scroll","background-type":"","background-media":"","overlay-type":"","overlay-color":"","overlay-opacity":"","overlay-gradient":""},"mobile":{"background-color":"","background-image":"","background-repeat":"repeat","background-position":"center center","background-size":"auto","background-attachment":"scroll","background-type":"","background-media":"","overlay-type":"","overlay-color":"","overlay-opacity":"","overlay-gradient":""}},"ast-content-background-meta":{"desktop":{"background-color":"var(--ast-global-color-4)","background-image":"","background-repeat":"repeat","background-position":"center center","background-size":"auto","background-attachment":"scroll","background-type":"","background-media":"","overlay-type":"","overlay-color":"","overlay-opacity":"","overlay-gradient":""},"tablet":{"background-color":"var(--ast-global-color-4)","background-image":"","background-repeat":"repeat","background-position":"center center","background-size":"auto","background-attachment":"scroll","background-type":"","background-media":"","overlay-type":"","overlay-color":"","overlay-opacity":"","overlay-gradient":""},"mobile":{"background-color":"var(--ast-global-color-4)","background-image":"","background-repeat":"repeat","background-position":"center center","background-size":"auto","background-attachment":"scroll","background-type":"","background-media":"","overlay-type":"","overlay-color":"","overlay-opacity":"","overlay-gradient":""}},"footnotes":""},"class_list":["post-22","page","type-page","status-publish","hentry"],"jetpack_sharing_enabled":true,"_links":{"self":[{"href":"https:\/\/www.yoodio.com\/site\/wp-json\/wp\/v2\/pages\/22","targetHints":{"allow":["GET"]}}],"collection":[{"href":"https:\/\/www.yoodio.com\/site\/wp-json\/wp\/v2\/pages"}],"about":[{"href":"https:\/\/www.yoodio.com\/site\/wp-json\/wp\/v2\/types\/page"}],"author":[{"embeddable":true,"href":"https:\/\/www.yoodio.com\/site\/wp-json\/wp\/v2\/users\/1"}],"replies":[{"embeddable":true,"href":"https:\/\/www.yoodio.com\/site\/wp-json\/wp\/v2\/comments?post=22"}],"version-history":[{"count":11,"href":"https:\/\/www.yoodio.com\/site\/wp-json\/wp\/v2\/pages\/22\/revisions"}],"predecessor-version":[{"id":610,"href":"https:\/\/www.yoodio.com\/site\/wp-json\/wp\/v2\/pages\/22\/revisions\/610"}],"wp:attachment":[{"href":"https:\/\/www.yoodio.com\/site\/wp-json\/wp\/v2\/media?parent=22"}],"curies":[{"name":"wp","href":"https:\/\/api.w.org\/{rel}","templated":true}]}}